{"id":7,"date":"2025-11-14T03:45:13","date_gmt":"2025-11-14T03:45:13","guid":{"rendered":"http:\/\/foragebalers.com\/cart\/"},"modified":"2025-11-18T03:33:18","modified_gmt":"2025-11-18T03:33:18","slug":"wozek","status":"publish","type":"page","link":"https:\/\/foragebalers.com\/pl\/wozek\/","title":{"rendered":"W\u00f3zek"},"content":{"rendered":"<div data-block-name=\"woocommerce\/cart\" class=\"wp-block-woocommerce-cart alignwide is-loading\">\n<div data-block-name=\"woocommerce\/filled-cart-block\" class=\"wp-block-woocommerce-filled-cart-block\">\n<div data-block-name=\"woocommerce\/cart-items-block\" class=\"wp-block-woocommerce-cart-items-block\">\n<div data-block-name=\"woocommerce\/cart-line-items-block\" class=\"wp-block-woocommerce-cart-line-items-block\"><\/div>\n\n\n<\/div>\n\n\n\n\n<div data-block-name=\"woocommerce\/cart-totals-block\" class=\"wp-block-woocommerce-cart-totals-block\">\n<div data-block-name=\"woocommerce\/cart-order-summary-block\" class=\"wp-block-woocommerce-cart-order-summary-block\">\n<div data-block-name=\"woocommerce\/cart-order-summary-heading-block\" class=\"wp-block-woocommerce-cart-order-summary-heading-block\"><\/div><div data-block-name=\"woocommerce\/cart-order-summary-coupon-form-block\" class=\"wp-block-woocommerce-cart-order-summary-coupon-form-block\"><\/div><div data-block-name=\"woocommerce\/cart-order-summary-totals-block\" class=\"wp-block-woocommerce-cart-order-summary-totals-block\">\n<div data-block-name=\"woocommerce\/cart-order-summary-subtotal-block\" class=\"wp-block-woocommerce-cart-order-summary-subtotal-block\"><\/div>\n<div data-block-name=\"woocommerce\/cart-order-summary-discount-block\" class=\"wp-block-woocommerce-cart-order-summary-discount-block\"><\/div>\n<div data-block-name=\"woocommerce\/cart-order-summary-fee-block\" class=\"wp-block-woocommerce-cart-order-summary-fee-block\"><\/div>\n<div data-block-name=\"woocommerce\/cart-order-summary-shipping-block\" class=\"wp-block-woocommerce-cart-order-summary-shipping-block\"><\/div>\n<div data-block-name=\"woocommerce\/cart-order-summary-taxes-block\" class=\"wp-block-woocommerce-cart-order-summary-taxes-block\"><\/div><\/div>\n<\/div>\n\n\n\n<div data-block-name=\"woocommerce\/cart-express-payment-block\" class=\"wp-block-woocommerce-cart-express-payment-block\"><\/div>\n\n\n\n<div data-block-name=\"woocommerce\/proceed-to-checkout-block\" class=\"wp-block-woocommerce-proceed-to-checkout-block\"><\/div>\n\n\n\n<div data-block-name=\"woocommerce\/cart-accepted-payment-methods-block\" class=\"wp-block-woocommerce-cart-accepted-payment-methods-block\"><\/div>\n<\/div>\n<\/div>\n\n\n\n<div data-block-name=\"woocommerce\/empty-cart-block\" class=\"wp-block-woocommerce-empty-cart-block\">\n<h2 class=\"wp-block-heading has-text-align-center with-empty-cart-icon wc-block-cart__empty-cart__title\">Tw\u00f3j koszyk jest obecnie pusty!<\/h2>\n\n\n\n<hr class=\"wp-block-separator has-alpha-channel-opacity is-style-dots\"\/>\n\n\n\n<h2 class=\"wp-block-heading has-text-align-center\">Nowo\u015b\u0107 w sklepie<\/h2>\n\n\n<div data-block-name=\"woocommerce\/product-new\" data-columns=\"4\" data-rows=\"1\" class=\"wc-block-grid wp-block-product-new wp-block-woocommerce-product-new wc-block-product-new has-4-columns\"><ul class=\"wc-block-grid__products\"><li class=\"wc-block-grid__product\">\n\t\t\t\t<a href=\"https:\/\/foragebalers.com\/pl\/product\/4byhd-4byhs-3-9-maszyna-do-wyciagania-fasoli-nerkowej-6-grzbietow\/\" class=\"wc-block-grid__product-link\">\n\t\t\t\t\t\n\t\t\t\t\t<div class=\"wc-block-grid__product-image\"><img loading=\"lazy\" decoding=\"async\" width=\"300\" height=\"300\" src=\"https:\/\/foragebalers.com\/wp-content\/uploads\/2025\/12\/4byhd4byhs-3.9-kidney-bean-puller-6-ridges-300x300.webp\" class=\"attachment-woocommerce_thumbnail size-woocommerce_thumbnail\" alt=\"4byhd4byhs-3.9 maszyna do wyci\u0105gania fasoli kidney (6 rz\u0119d\u00f3w)\" \/><\/div>\n\t\t\t\t\t<div class=\"wc-block-grid__product-title\">4BYHD\/4BYHS-3.9 Maszyna do wyrywania fasoli czerwonej (6 g\u0142\u00f3wek)<\/div>\n\t\t\t\t<\/a>\n\t\t\t\t<div class=\"wc-block-grid__product-price price\"><\/div>\n\t\t\t\t\n\t\t\t\t<div class=\"wp-block-button wc-block-grid__product-add-to-cart\"><a href=\"https:\/\/foragebalers.com\/pl\/product\/4byhd-4byhs-3-9-maszyna-do-wyciagania-fasoli-nerkowej-6-grzbietow\/\" aria-label=\"Przeczytaj wi\u0119cej o \u201e4BYHD\/4BYHS-3.9 Kidney Bean Puller (6 Ridges)\u201d\" data-quantity=\"1\" data-product_id=\"466\" data-product_sku=\"\" data-price=\"0\" rel=\"nofollow\" class=\"wp-block-button__link  add_to_cart_button\" data-no-translation=\"\" data-trp-gettext=\"\" data-no-translation-aria-label=\"\">Dowiedz si\u0119 wi\u0119cej<\/a><\/div>\n\t\t\t<\/li><li class=\"wc-block-grid__product\">\n\t\t\t\t<a href=\"https:\/\/foragebalers.com\/pl\/product\/4byh-3-25-wyrywacz-fasoli-nerkowej-5-grzbietow\/\" class=\"wc-block-grid__product-link\">\n\t\t\t\t\t\n\t\t\t\t\t<div class=\"wc-block-grid__product-image\"><img loading=\"lazy\" decoding=\"async\" width=\"300\" height=\"300\" src=\"https:\/\/foragebalers.com\/wp-content\/uploads\/2025\/12\/4byh-3.25-kidney-bean-puller-5-ridges-300x300.webp\" class=\"attachment-woocommerce_thumbnail size-woocommerce_thumbnail\" alt=\"4byh-3.25 maszyna do wyci\u0105gania fasoli czerwonej 5 grzbiet\u00f3w\" \/><\/div>\n\t\t\t\t\t<div class=\"wc-block-grid__product-title\">4BYH-3.25 Maszyna do wyci\u0105gania fasoli czerwonej (5 g\u0142\u00f3wek)<\/div>\n\t\t\t\t<\/a>\n\t\t\t\t<div class=\"wc-block-grid__product-price price\"><\/div>\n\t\t\t\t\n\t\t\t\t<div class=\"wp-block-button wc-block-grid__product-add-to-cart\"><a href=\"https:\/\/foragebalers.com\/pl\/product\/4byh-3-25-wyrywacz-fasoli-nerkowej-5-grzbietow\/\" aria-label=\"Przeczytaj wi\u0119cej o \u201e4BYH-3.25 Kidney Bean Puller\uff085 Ridges\uff09\u201d\" data-quantity=\"1\" data-product_id=\"459\" data-product_sku=\"\" data-price=\"0\" rel=\"nofollow\" class=\"wp-block-button__link  add_to_cart_button\" data-no-translation=\"\" data-trp-gettext=\"\" data-no-translation-aria-label=\"\">Dowiedz si\u0119 wi\u0119cej<\/a><\/div>\n\t\t\t<\/li><li class=\"wc-block-grid__product\">\n\t\t\t\t<a href=\"https:\/\/foragebalers.com\/pl\/product\/4byh-3-25-wyrywacz-fasoli-nerkowej-4-grzbiety\/\" class=\"wc-block-grid__product-link\">\n\t\t\t\t\t\n\t\t\t\t\t<div class=\"wc-block-grid__product-image\"><img loading=\"lazy\" decoding=\"async\" width=\"300\" height=\"300\" src=\"https:\/\/foragebalers.com\/wp-content\/uploads\/2025\/12\/4byq-2.6-kidney-bean-puller-300x300.webp\" class=\"attachment-woocommerce_thumbnail size-woocommerce_thumbnail\" alt=\"4byq-2.6 maszyna do zbierania fasoli czerwonej\" \/><\/div>\n\t\t\t\t\t<div class=\"wc-block-grid__product-title\">4BYH-3.25 Maszyna do wyrywania fasoli czerwonej (typ z 4 grzbietami i wypychaniem)<\/div>\n\t\t\t\t<\/a>\n\t\t\t\t<div class=\"wc-block-grid__product-price price\"><\/div>\n\t\t\t\t\n\t\t\t\t<div class=\"wp-block-button wc-block-grid__product-add-to-cart\"><a href=\"https:\/\/foragebalers.com\/pl\/product\/4byh-3-25-wyrywacz-fasoli-nerkowej-4-grzbiety\/\" aria-label=\"Przeczytaj wi\u0119cej o \u201e4BYH-3.25 Kidney Bean Puller\uff084 Ridges Pushing Type\uff09\u201d\" data-quantity=\"1\" data-product_id=\"457\" data-product_sku=\"\" data-price=\"0\" rel=\"nofollow\" class=\"wp-block-button__link  add_to_cart_button\" data-no-translation=\"\" data-trp-gettext=\"\" data-no-translation-aria-label=\"\">Dowiedz si\u0119 wi\u0119cej<\/a><\/div>\n\t\t\t<\/li><li class=\"wc-block-grid__product\">\n\t\t\t\t<a href=\"https:\/\/foragebalers.com\/pl\/product\/maszyna-do-zbierania-fasoli-nerkowej-4byh-2-6-model\/\" class=\"wc-block-grid__product-link\">\n\t\t\t\t\t\n\t\t\t\t\t<div class=\"wc-block-grid__product-image\"><img loading=\"lazy\" decoding=\"async\" width=\"300\" height=\"300\" src=\"https:\/\/foragebalers.com\/wp-content\/uploads\/2025\/12\/kidney-bean-puller-product-300x300.webp\" class=\"attachment-woocommerce_thumbnail size-woocommerce_thumbnail\" alt=\"produkt do wyci\u0105gania fasoli czerwonej\" \/><\/div>\n\t\t\t\t\t<div class=\"wc-block-grid__product-title\">Maszyna do zbierania fasoli 4BYH-2.6<\/div>\n\t\t\t\t<\/a>\n\t\t\t\t<div class=\"wc-block-grid__product-price price\"><\/div>\n\t\t\t\t\n\t\t\t\t<div class=\"wp-block-button wc-block-grid__product-add-to-cart\"><a href=\"https:\/\/foragebalers.com\/pl\/product\/maszyna-do-zbierania-fasoli-nerkowej-4byh-2-6-model\/\" aria-label=\"Przeczytaj wi\u0119cej o \u201e4BYH-2.6 Model Kidney Bean Puller\u201d\" data-quantity=\"1\" data-product_id=\"449\" data-product_sku=\"\" data-price=\"0\" rel=\"nofollow\" class=\"wp-block-button__link  add_to_cart_button\" data-no-translation=\"\" data-trp-gettext=\"\" data-no-translation-aria-label=\"\">Dowiedz si\u0119 wi\u0119cej<\/a><\/div>\n\t\t\t<\/li><\/ul><\/div><\/div>\n<\/div>","protected":false},"excerpt":{"rendered":"","protected":false},"author":1,"featured_media":0,"parent":0,"menu_order":0,"comment_status":"closed","ping_status":"closed","template":"","meta":{"_et_pb_use_builder":"","_et_pb_old_content":"","_et_gb_content_width":"","footnotes":""},"class_list":["post-7","page","type-page","status-publish","hentry"],"_links":{"self":[{"href":"https:\/\/foragebalers.com\/pl\/wp-json\/wp\/v2\/pages\/7","targetHints":{"allow":["GET"]}}],"collection":[{"href":"https:\/\/foragebalers.com\/pl\/wp-json\/wp\/v2\/pages"}],"about":[{"href":"https:\/\/foragebalers.com\/pl\/wp-json\/wp\/v2\/types\/page"}],"author":[{"embeddable":true,"href":"https:\/\/foragebalers.com\/pl\/wp-json\/wp\/v2\/users\/1"}],"replies":[{"embeddable":true,"href":"https:\/\/foragebalers.com\/pl\/wp-json\/wp\/v2\/comments?post=7"}],"version-history":[{"count":1,"href":"https:\/\/foragebalers.com\/pl\/wp-json\/wp\/v2\/pages\/7\/revisions"}],"predecessor-version":[{"id":59,"href":"https:\/\/foragebalers.com\/pl\/wp-json\/wp\/v2\/pages\/7\/revisions\/59"}],"wp:attachment":[{"href":"https:\/\/foragebalers.com\/pl\/wp-json\/wp\/v2\/media?parent=7"}],"curies":[{"name":"wp","href":"https:\/\/api.w.org\/{rel}","templated":true}]}}